{"id":44,"date":"2021-08-02T17:40:01","date_gmt":"2021-08-02T17:40:01","guid":{"rendered":"https:\/\/zarfbasimi.com\/?page_id=44"},"modified":"2023-10-02T16:05:14","modified_gmt":"2023-10-02T16:05:14","slug":"anasayfa","status":"publish","type":"page","link":"https:\/\/zarfbasimi.com\/","title":{"rendered":"Anasayfa"},"content":{"rendered":"\t\t<div data-elementor-type=\"wp-page\" data-elementor-id=\"44\" class=\"elementor elementor-44\" data-elementor-settings=\"[]\">\n\t\t\t\t\t\t\t<div class=\"elementor-section-wrap\">\n\t\t\t\t\t\t\t<section class=\"elementor-section elementor-top-section elementor-element elementor-element-9a63b3a elementor-section-full_width elementor-section-height-default elementor-section-height-default\" data-id=\"9a63b3a\" data-element_type=\"section\">\n\t\t\t\t\t\t<div class=\"elementor-container elementor-column-gap-default\">\n\t\t\t\t\t<div class=\"elementor-column elementor-col-100 elementor-top-column elementor-element elementor-element-c12a71d\" data-id=\"c12a71d\" data-element_type=\"column\">\n\t\t\t<div class=\"elementor-widget-wrap elementor-element-populated\">\n\t\t\t\t\t\t\t\t<div class=\"elementor-element elementor-element-be7cdd2 elementor-hidden-desktop elementor-hidden-tablet elementor-hidden-phone elementor--h-position-center elementor--v-position-middle elementor-arrows-position-inside elementor-pagination-position-inside elementor-widget elementor-widget-slides\" data-id=\"be7cdd2\" data-element_type=\"widget\" data-settings=\"{&quot;navigation&quot;:&quot;both&quot;,&quot;autoplay&quot;:&quot;yes&quot;,&quot;pause_on_hover&quot;:&quot;yes&quot;,&quot;pause_on_interaction&quot;:&quot;yes&quot;,&quot;autoplay_speed&quot;:5000,&quot;infinite&quot;:&quot;yes&quot;,&quot;transition&quot;:&quot;slide&quot;,&quot;transition_speed&quot;:500}\" data-widget_type=\"slides.default\">\n\t\t\t\t<div class=\"elementor-widget-container\">\n\t\t\t\t\t<div class=\"elementor-swiper\">\n\t\t\t<div class=\"elementor-slides-wrapper elementor-main-swiper swiper-container\" dir=\"ltr\" data-animation=\"fadeInUp\">\n\t\t\t\t<div class=\"swiper-wrapper elementor-slides\">\n\t\t\t\t\t<div class=\"elementor-repeater-item-3c45350 swiper-slide\"><div class=\"swiper-slide-bg\"><\/div><div class=\"swiper-slide-inner\" ><div class=\"swiper-slide-contents\"><\/div><\/div><\/div>\t\t\t\t<\/div>\n\t\t\t\t\t\t\t<\/div>\n\t\t<\/div>\n\t\t\t\t<\/div>\n\t\t\t\t<\/div>\n\t\t\t\t\t<\/div>\n\t\t<\/div>\n\t\t\t\t\t\t\t<\/div>\n\t\t<\/section>\n\t\t\t\t<section class=\"elementor-section elementor-top-section elementor-element elementor-element-7eb8288 elementor-section-full_width elementor-section-height-default elementor-section-height-default\" data-id=\"7eb8288\" data-element_type=\"section\">\n\t\t\t\t\t\t<div class=\"elementor-container elementor-column-gap-default\">\n\t\t\t\t\t<div class=\"elementor-column elementor-col-100 elementor-top-column elementor-element elementor-element-847480f\" data-id=\"847480f\" data-element_type=\"column\">\n\t\t\t<div class=\"elementor-widget-wrap elementor-element-populated\">\n\t\t\t\t\t\t\t\t<div class=\"elementor-element elementor-element-c7e8878 elementor-pagination-position-outside elementor--h-position-center elementor--v-position-middle elementor-arrows-position-inside elementor-widget elementor-widget-slides\" data-id=\"c7e8878\" data-element_type=\"widget\" data-settings=\"{&quot;navigation&quot;:&quot;both&quot;,&quot;autoplay&quot;:&quot;yes&quot;,&quot;pause_on_hover&quot;:&quot;yes&quot;,&quot;pause_on_interaction&quot;:&quot;yes&quot;,&quot;autoplay_speed&quot;:5000,&quot;infinite&quot;:&quot;yes&quot;,&quot;transition&quot;:&quot;slide&quot;,&quot;transition_speed&quot;:500}\" data-widget_type=\"slides.default\">\n\t\t\t\t<div class=\"elementor-widget-container\">\n\t\t\t\t\t<div class=\"elementor-swiper\">\n\t\t\t<div class=\"elementor-slides-wrapper elementor-main-swiper swiper-container\" dir=\"ltr\" data-animation=\"fadeInUp\">\n\t\t\t\t<div class=\"swiper-wrapper elementor-slides\">\n\t\t\t\t\t<div class=\"elementor-repeater-item-ca8334a swiper-slide\"><div class=\"swiper-slide-bg\"><\/div><div class=\"swiper-slide-inner\" ><div class=\"swiper-slide-contents\"><\/div><\/div><\/div><div class=\"elementor-repeater-item-549715d swiper-slide\"><div class=\"swiper-slide-bg\"><\/div><div class=\"swiper-slide-inner\" ><div class=\"swiper-slide-contents\"><\/div><\/div><\/div><div class=\"elementor-repeater-item-fdb7415 swiper-slide\"><div class=\"swiper-slide-bg\"><\/div><div class=\"swiper-slide-inner\" ><div class=\"swiper-slide-contents\"><\/div><\/div><\/div><div class=\"elementor-repeater-item-ebbe6a4 swiper-slide\"><div class=\"swiper-slide-bg\"><\/div><div class=\"swiper-slide-inner\" ><div class=\"swiper-slide-contents\"><\/div><\/div><\/div><div class=\"elementor-repeater-item-0ba2278 swiper-slide\"><div class=\"swiper-slide-bg\"><\/div><div class=\"swiper-slide-inner\" ><div class=\"swiper-slide-contents\"><\/div><\/div><\/div>\t\t\t\t<\/div>\n\t\t\t\t\t\t\t\t\t\t\t\t\t\t\t<div class=\"swiper-pagination\"><\/div>\n\t\t\t\t\t\t\t\t\t\t\t\t\t\t\t\t<div class=\"elementor-swiper-button elementor-swiper-button-prev\">\n\t\t\t\t\t\t\t<i class=\"eicon-chevron-left\" aria-hidden=\"true\"><\/i>\n\t\t\t\t\t\t\t<span class=\"elementor-screen-only\">Previous<\/span>\n\t\t\t\t\t\t<\/div>\n\t\t\t\t\t\t<div class=\"elementor-swiper-button elementor-swiper-button-next\">\n\t\t\t\t\t\t\t<i class=\"eicon-chevron-right\" aria-hidden=\"true\"><\/i>\n\t\t\t\t\t\t\t<span class=\"elementor-screen-only\">Next<\/span>\n\t\t\t\t\t\t<\/div>\n\t\t\t\t\t\t\t\t\t\t\t\t<\/div>\n\t\t<\/div>\n\t\t\t\t<\/div>\n\t\t\t\t<\/div>\n\t\t\t\t\t<\/div>\n\t\t<\/div>\n\t\t\t\t\t\t\t<\/div>\n\t\t<\/section>\n\t\t\t\t<section class=\"elementor-section elementor-top-section elementor-element elementor-element-0ea93bf elementor-section-boxed elementor-section-height-default elementor-section-height-default\" data-id=\"0ea93bf\" data-element_type=\"section\">\n\t\t\t\t\t\t<div class=\"elementor-container elementor-column-gap-default\">\n\t\t\t\t\t<div class=\"elementor-column elementor-col-100 elementor-top-column elementor-element elementor-element-2607b31\" data-id=\"2607b31\" data-element_type=\"column\">\n\t\t\t<div class=\"elementor-widget-wrap elementor-element-populated\">\n\t\t\t\t\t\t\t\t<div class=\"elementor-element elementor-element-b1242ea elementor-widget elementor-widget-theme-site-logo elementor-widget-image\" data-id=\"b1242ea\" data-element_type=\"widget\" data-widget_type=\"theme-site-logo.default\">\n\t\t\t\t<div class=\"elementor-widget-container\">\n\t\t\t\t\t\t\t\t\t\t\t\t\t\t\t\t<a href=\"https:\/\/zarfbasimi.com\">\n\t\t\t\t\t\t\t<img loading=\"lazy\" decoding=\"async\" width=\"281\" height=\"82\" src=\"https:\/\/zarfbasimi.com\/wp-content\/uploads\/2021\/08\/zarf_basimi_logo.png\" class=\"attachment-full size-full\" alt=\"\" \/>\t\t\t\t\t\t\t\t<\/a>\n\t\t\t\t\t\t\t\t\t\t\t\t\t\t\t<\/div>\n\t\t\t\t<\/div>\n\t\t\t\t\t<\/div>\n\t\t<\/div>\n\t\t\t\t\t\t\t<\/div>\n\t\t<\/section>\n\t\t\t\t<section class=\"elementor-section elementor-top-section elementor-element elementor-element-fd06566 elementor-hidden-desktop elementor-hidden-tablet elementor-hidden-phone elementor-section-boxed elementor-section-height-default elementor-section-height-default\" data-id=\"fd06566\" data-element_type=\"section\">\n\t\t\t\t\t\t<div class=\"elementor-container elementor-column-gap-default\">\n\t\t\t\t\t<div class=\"elementor-column elementor-col-50 elementor-top-column elementor-element elementor-element-8e277a8\" data-id=\"8e277a8\" data-element_type=\"column\">\n\t\t\t<div class=\"elementor-widget-wrap elementor-element-populated\">\n\t\t\t\t\t\t\t\t<div class=\"elementor-element elementor-element-0240eea elementor-widget elementor-widget-image\" data-id=\"0240eea\" data-element_type=\"widget\" data-widget_type=\"image.default\">\n\t\t\t\t<div class=\"elementor-widget-container\">\n\t\t\t\t\t\t\t\t\t\t\t\t\t\t\t<img loading=\"lazy\" decoding=\"async\" width=\"539\" height=\"406\" src=\"https:\/\/zarfbasimi.com\/wp-content\/uploads\/2021\/08\/zarf-zarf.jpg\" class=\"attachment-large size-large\" alt=\"\" srcset=\"https:\/\/zarfbasimi.com\/wp-content\/uploads\/2021\/08\/zarf-zarf.jpg 539w, https:\/\/zarfbasimi.com\/wp-content\/uploads\/2021\/08\/zarf-zarf-300x226.jpg 300w\" sizes=\"auto, (max-width: 539px) 100vw, 539px\" \/>\t\t\t\t\t\t\t\t\t\t\t\t\t\t\t<\/div>\n\t\t\t\t<\/div>\n\t\t\t\t\t<\/div>\n\t\t<\/div>\n\t\t\t\t<div class=\"elementor-column elementor-col-50 elementor-top-column elementor-element elementor-element-56cc135\" data-id=\"56cc135\" data-element_type=\"column\">\n\t\t\t<div class=\"elementor-widget-wrap elementor-element-populated\">\n\t\t\t\t\t\t\t\t<div class=\"elementor-element elementor-element-5cf0aed elementor-widget elementor-widget-text-editor\" data-id=\"5cf0aed\" data-element_type=\"widget\" data-widget_type=\"text-editor.default\">\n\t\t\t\t<div class=\"elementor-widget-container\">\n\t\t\t\t\t\t\t\t<p>2011 Y\u0131landa Ye\u015fil Art\u0131 Ka\u011f\u0131t Matbaa K\u0131rtasiye Reklam Yay\u0131n Bilgisayar Bili\u015fim San. ve Tic. Ltd. \u015eti. ad\u0131 alt\u0131nda Ankara\u2019da faaliyete ba\u015flayan firmam\u0131z, 1997 y\u0131l\u0131ndan bu yana sekt\u00f6rde hizmet vermektedir. www.zarfburada.com, ge\u00e7mi\u015ften ald\u0131\u011f\u0131 g\u00fc\u00e7le gerek birikimlerimiz, gerekse uzman kadromuz sayesinde uluslararas\u0131 ilgili firmalarla i\u015fbirli\u011fi i\u00e7indedir.<\/p>\t\t\t\t\t\t<\/div>\n\t\t\t\t<\/div>\n\t\t\t\t\t<\/div>\n\t\t<\/div>\n\t\t\t\t\t\t\t<\/div>\n\t\t<\/section>\n\t\t\t\t<section class=\"elementor-section elementor-top-section elementor-element elementor-element-de54d27 elementor-section-boxed elementor-section-height-default elementor-section-height-default\" data-id=\"de54d27\" data-element_type=\"section\">\n\t\t\t\t\t\t<div class=\"elementor-container elementor-column-gap-default\">\n\t\t\t\t\t<div class=\"elementor-column elementor-col-100 elementor-top-column elementor-element elementor-element-e9f8b5c\" data-id=\"e9f8b5c\" data-element_type=\"column\">\n\t\t\t<div class=\"elementor-widget-wrap elementor-element-populated\">\n\t\t\t\t\t\t\t\t<div class=\"elementor-element elementor-element-c51c2f4 elementor-widget elementor-widget-text-editor\" data-id=\"c51c2f4\" data-element_type=\"widget\" data-widget_type=\"text-editor.default\">\n\t\t\t\t<div class=\"elementor-widget-container\">\n\t\t\t\t\t\t\t\t<p>25 y\u0131ll\u0131k sekt\u00f6r tecr\u00fcbemizle y\u00fczlerce \u00e7e\u015fit ka\u011f\u0131d\u0131 da iyi biliriz, tasar\u0131m\u0131n \u015f\u0131k dokunu\u015flar\u0131n\u0131 da iyi tan\u0131r\u0131z, bask\u0131<br \/>tekni\u011fine de yeterince hakimiz. \u00dcretmedi\u011fimiz \u00a0i\u015f bize ait de\u011fildir, bize ait olmayan \u00a0i\u015f m\u00fc\u015fterimizin de\u011fildir; \u00fcretim bizim i\u00e7in \u00f6nemlidir. Ankara\u2019daki at\u00f6lyemizde yapt\u0131\u011f\u0131m\u0131z \u00fcretim ile T\u00fcrkiye genelinde 2200&#8217;e yak\u0131n matbaa ve reklam ajans\u0131n\u0131n \u00e7\u00f6z\u00fcm ortakl\u0131\u011f\u0131n\u0131 yap\u0131yoruz.<\/p><div>\u00a0<\/div><div><p><strong>ZARFA DA\u0130R NELER YAPIYORUZ<\/strong>;<\/p><p>\u00d6ncelikle satt\u0131\u011f\u0131m\u0131z zarflar\u0131n \u00fcreticisi oldu\u011fumuzu \u00f6zellikle belirtelim. Se\u00e7im \u00e7al\u0131\u015fmalar\u0131nda siyasi partilerin vatanda\u015flara g\u00f6nderdi\u011fi mektuplar\u0131 ve zarflar\u0131 bas\u0131yoruz. Zarflar\u0131n \u00fczerine de\u011fi\u015fken data isim ve adres bas\u0131p, zarflar\u0131n dolumunu yaparak ister 10 adet, ister 10 milyon adet mektubu al\u0131c\u0131lar\u0131na g\u00fcvenli bir \u015fekilde ula\u015ft\u0131r\u0131yoruz. Zira y\u0131llard\u0131r se\u00e7im \u00e7al\u0131\u015fmalar\u0131nda hep ayn\u0131 y\u00f6ntemi uyguluyoruz (2017 y\u0131l\u0131nda Orman bakanl\u0131\u011f\u0131n\u0131n 27.000.000 haneye g\u00f6nderdi\u011fi kara\u00e7am tohumunun projesinde yer ald\u0131k. 2022 y\u0131l\u0131 Katar\u2019da d\u00fczenlenen D\u00fcnya olimpiyatlar\u0131n\u0131n davetiye, zarf ve \u00f6zel hat\u0131ra resimliklerininin projesinde yer ald\u0131k. En son rekorumuzu 2023 y\u0131l\u0131 se\u00e7imlerinde ilk defa oy kullanacak olan gen\u00e7lere g\u00f6nderilen 6.900.000 adet mektubun projesinde yer al\u0131p 15 g\u00fcn i\u00e7inde teslim ederek k\u0131rd\u0131k).<\/p><p>\u0130stedi\u011finiz \u00f6l\u00e7\u00fclerde, istedi\u011finiz renkte, istedi\u011finiz ka\u011f\u0131t gramaj\u0131nda zarf\u0131 \u00fcretiyoruz ve sizlerle bulu\u015fturuyoruz. Dilerseniz bask\u0131s\u0131z, dilerseniz bask\u0131l\u0131 ve hatta dilerseniz i\u00e7i-d\u0131\u015f\u0131 full zemin bask\u0131l\u0131 ya da logo ve adres yan\u0131nda bir de kulak bask\u0131l\u0131 zarflar\u0131n\u0131z\u0131 zevkinize g\u00f6re tasarlay\u0131p \u00fcretiyoruz. Zarf\u0131n \u00fczerine firman\u0131z\u0131n ad\u0131n\u0131 alt\u0131n harflerle mi yazd\u0131rmak istiyorsunuz; alt\u0131n varak bas\u0131yoruz, g\u00fcm\u00fc\u015f harflerle mi yazd\u0131rmak istiyorsunuz; g\u00fcm\u00fc\u015f varak bas\u0131yoruz, de\u011fi\u015fik renklerde de varak \u00e7e\u015fitlerimiz mevcut. Ofset bask\u0131l\u0131 zarflarda logonuzun \u00fczerine dilerseniz lak uygulayabiliyoruz.\u00a0 Evleniyorsunuz, davetiyenizi yap\u0131yoruz, zarf\u0131n\u0131 da davetiyenize \u00f6zel tasarlay\u0131p \u00fcretiyoruz. A\u00e7\u0131l\u0131\u015f\u0131n\u0131z var, davetiyenizi ve zarf\u0131n\u0131z\u0131 kurumsal\u0131n\u0131za \u00f6zel tasarlay\u0131p \u00fcretiyoruz. K\u0131sacas\u0131 Ankara\u2019da \u00fcretip, T\u00fcrkiye\u2019ye sat\u0131yoruz.<\/p><\/div><div>\u00a0<\/div><div><strong>BASKIYA DA\u0130R NELER YAPIYORUZ:<\/strong><\/div><div>\u00a0<\/div><div>Bask\u0131, g\u00f6rsel bir ileti\u015fim arac\u0131d\u0131r. \u00c7evrenize bak\u0131n, ne g\u00f6r\u00fcyorsunuz!<br \/>G\u00f6rd\u00fc\u011f\u00fcn\u00fcz her\u015feye ka\u011f\u0131t \u00fczerinde kurumsal bir kimlik kazand\u0131rabiliriz. Kimli\u011finiz, m\u00fc\u015fterilerinizle do\u011fru ileti\u015fim kurman\u0131z i\u00e7in, hedef kitlenizin kar\u015f\u0131s\u0131nda g\u00f6r\u00fcn\u00fcr olman\u0131z\u0131 sa\u011flayan bir ara\u00e7t\u0131r. Bu da s\u00fcrekli g\u00f6z \u00f6n\u00fcnde olman\u0131z\u0131 gerektirir. Bas\u0131l\u0131 yay\u0131nda hedef kitlenizin raf\u0131nda, masas\u0131nda, duvar\u0131nda, elinin alt\u0131nda g\u00f6r\u00fcn\u00fcr olup yapt\u0131\u011f\u0131n\u0131z i\u015fi, sundu\u011funuz hizmeti, satt\u0131\u011f\u0131n\u0131z \u00fcr\u00fcnleri ak\u0131llara kaz\u0131yarak rakiplerinizle aran\u0131zda fark yaratmak istiyorsan\u0131z, biz buraday\u0131z. Yaz\u0131 yazd\u0131\u011f\u0131n\u0131z defterin yapraklar\u0131nda, i\u015faret koydu\u011funuz takvimin tarihlerinde gizliyiz. Hat\u0131rlamak istediklerinizi not ald\u0131\u011f\u0131n\u0131z ka\u011f\u0131tlar biziz. Evlenirken ya da a\u00e7\u0131l\u0131\u015f yaparken yak\u0131nlar\u0131n\u0131z\u0131 davet etti\u011finiz davetiyelerin davetkar\u0131y\u0131z. K\u0131sacas\u0131 biz her yerdeyiz.<\/div><div>\u00a0<\/div><div>Satt\u0131\u011f\u0131n\u0131z \u00fcr\u00fcnleri\/sundu\u011funuz hizmetleri sergilemek i\u00e7in bir katalo\u011fa ihtiyac\u0131n\u0131z var ya, onu biz yap\u0131yoruz. S\u00fcreli yay\u0131n \u00e7\u0131kar\u0131yorsunuz\/\u00e7\u0131karmak istiyorsunuz, bu alanda bas\u0131l\u0131 bir g\u00f6rsele ihtiyac\u0131n\u0131z var; dergiye, kitaba, kitap\u00e7\u0131klara dair bask\u0131 hizmetlerini biz sunuyoruz. Sat\u0131\u015f\u0131n\u0131 yapt\u0131\u011f\u0131n\u0131z \u00fcr\u00fcnleriniz i\u00e7in karton \u00e7antaya ihtiyac\u0131n\u0131z var, biz \u00fcretiyoruz. Hani e\u011fitimler veriyorsunuz ya, \u00f6\u011frencileriniz i\u00e7in sertfikalara ihtiyac\u0131n\u0131z var, biz yap\u0131yoruz. Dilerseniz taklidi m\u00fcmk\u00fcn olmayan sertifikalar\u0131n\u0131z\u0131 da biz \u00fcretiyoruz (bu alanda en son Tar\u0131m Bakanl\u0131\u011f\u0131 ile \u00e7al\u0131\u015ft\u0131k) Kutulamak istedi\u011finiz \u00fcr\u00fcnlerinizin kutular\u0131n\u0131 yine biz \u00fcretiyoruz.\u00a0 Al\u0131c\u0131s\u0131n\u0131n eline ge\u00e7ene kadar a\u00e7\u0131lmad\u0131\u011f\u0131ndan emin olmak istedi\u011finiz bir \u00fcr\u00fcn\u00fcn\u00fcz var, size \u00f6zel emniyet etiketi tasarlay\u0131p \u00fcreterek g\u00f6nderdi\u011finiz \u00fcr\u00fcn\u00fcn\/belgenin g\u00fcvenli\u011fini sa\u011fl\u0131yoruz.\u00a0\u00a0<\/div>\t\t\t\t\t\t<\/div>\n\t\t\t\t<\/div>\n\t\t\t\t\t<\/div>\n\t\t<\/div>\n\t\t\t\t\t\t\t<\/div>\n\t\t<\/section>\n\t\t\t\t\t\t<\/div>\n\t\t\t\t\t<\/div>\n\t\t","protected":false},"excerpt":{"rendered":"<p>Previous Next 2011 Y\u0131landa Ye\u015fil Art\u0131 Ka\u011f\u0131t Matbaa K\u0131rtasiye Reklam Yay\u0131n Bilgisayar Bili\u015fim San. ve Tic. Ltd. \u015eti. ad\u0131 alt\u0131nda Ankara\u2019da faaliyete ba\u015flayan firmam\u0131z, 1997 y\u0131l\u0131ndan bu yana sekt\u00f6rde hizmet vermektedir. www.zarfburada.com, ge\u00e7mi\u015ften ald\u0131\u011f\u0131 g\u00fc\u00e7le gerek birikimlerimiz, gerekse uzman kadromuz sayesinde uluslararas\u0131 ilgili firmalarla i\u015fbirli\u011fi i\u00e7indedir. 25 y\u0131ll\u0131k sekt\u00f6r tecr\u00fcbemizle y\u00fczlerce \u00e7e\u015fit ka\u011f\u0131d\u0131 da iyi [&hellip;]<\/p>\n","protected":false},"author":1,"featured_media":0,"parent":0,"menu_order":0,"comment_status":"closed","ping_status":"closed","template":"","meta":{"footnotes":""},"class_list":["post-44","page","type-page","status-publish","hentry"],"_links":{"self":[{"href":"https:\/\/zarfbasimi.com\/index.php?rest_route=\/wp\/v2\/pages\/44","targetHints":{"allow":["GET"]}}],"collection":[{"href":"https:\/\/zarfbasimi.com\/index.php?rest_route=\/wp\/v2\/pages"}],"about":[{"href":"https:\/\/zarfbasimi.com\/index.php?rest_route=\/wp\/v2\/types\/page"}],"author":[{"embeddable":true,"href":"https:\/\/zarfbasimi.com\/index.php?rest_route=\/wp\/v2\/users\/1"}],"replies":[{"embeddable":true,"href":"https:\/\/zarfbasimi.com\/index.php?rest_route=%2Fwp%2Fv2%2Fcomments&post=44"}],"version-history":[{"count":31,"href":"https:\/\/zarfbasimi.com\/index.php?rest_route=\/wp\/v2\/pages\/44\/revisions"}],"predecessor-version":[{"id":94,"href":"https:\/\/zarfbasimi.com\/index.php?rest_route=\/wp\/v2\/pages\/44\/revisions\/94"}],"wp:attachment":[{"href":"https:\/\/zarfbasimi.com\/index.php?rest_route=%2Fwp%2Fv2%2Fmedia&parent=44"}],"curies":[{"name":"wp","href":"https:\/\/api.w.org\/{rel}","templated":true}]}}